{"id":1902,"date":"2024-06-09T15:14:01","date_gmt":"2024-06-09T15:14:01","guid":{"rendered":"https:\/\/testoclinic.cz\/contact"},"modified":"2026-03-20T10:12:19","modified_gmt":"2026-03-20T10:12:19","slug":"contact","status":"publish","type":"page","link":"https:\/\/testoclinic.cz\/en\/contact\/","title":{"rendered":"Contact"},"content":{"rendered":"\t\t<div data-elementor-type=\"wp-page\" data-elementor-id=\"1902\" class=\"elementor elementor-1902 elementor-291\" data-elementor-post-type=\"page\">\n\t\t\t\t<div class=\"elementor-element elementor-element-e155387 e-flex e-con-boxed e-con e-parent\" data-id=\"e155387\" data-element_type=\"container\" data-e-type=\"container\">\n\t\t\t\t\t<div class=\"e-con-inner\">\n\t\t\t\t<div class=\"elementor-element elementor-element-dbb43ce elementor-widget elementor-widget-heading\" data-id=\"dbb43ce\" data-element_type=\"widget\" data-e-type=\"widget\" data-widget_type=\"heading.default\">\n\t\t\t\t<div class=\"elementor-widget-container\">\n\t\t\t\t\t<h2 class=\"elementor-heading-title elementor-size-default\">How to contact us?<\/h2>\t\t\t\t<\/div>\n\t\t\t\t<\/div>\n\t\t\t\t\t<\/div>\n\t\t\t\t<\/div>\n\t\t<div class=\"elementor-element elementor-element-1464893 e-flex e-con-boxed e-con e-parent\" data-id=\"1464893\" data-element_type=\"container\" data-e-type=\"container\" data-settings=\"{&quot;animation&quot;:&quot;none&quot;}\">\n\t\t\t\t\t<div class=\"e-con-inner\">\n\t\t<div class=\"elementor-element elementor-element-68f5fa9 e-con-full e-flex e-con e-child\" data-id=\"68f5fa9\" data-element_type=\"container\" data-e-type=\"container\">\n\t\t\t\t<div class=\"elementor-element elementor-element-7468121 elementor-view-default elementor-position-block-start elementor-widget elementor-widget-icon-box\" data-id=\"7468121\" data-element_type=\"widget\" data-e-type=\"widget\" data-widget_type=\"icon-box.default\">\n\t\t\t\t<div class=\"elementor-widget-container\">\n\t\t\t\t\t\t\t<div class=\"elementor-icon-box-wrapper\">\n\n\t\t\t\t\t\t<div class=\"elementor-icon-box-icon\">\n\t\t\t\t<span  class=\"elementor-icon\">\n\t\t\t\t<svg xmlns=\"http:\/\/www.w3.org\/2000\/svg\" width=\"800px\" height=\"800px\" viewBox=\"0 0 24 24\" fill=\"none\"><g id=\"SVGRepo_bgCarrier\" stroke-width=\"0\"><\/g><g id=\"SVGRepo_tracerCarrier\" stroke-linecap=\"round\" stroke-linejoin=\"round\"><\/g><g id=\"SVGRepo_iconCarrier\"><path fill-rule=\"evenodd\" clip-rule=\"evenodd\" d=\"M5.73268 2.043C6.95002 0.832583 8.95439 1.04804 9.9737 2.40962L11.2347 4.09402C12.0641 5.20191 11.9909 6.75032 11.0064 7.72923L10.7676 7.96665C10.7572 7.99694 10.7319 8.09215 10.76 8.2731C10.8232 8.6806 11.1635 9.545 12.592 10.9654C14.02 12.3853 14.8905 12.7253 15.3038 12.7887C15.4911 12.8174 15.5891 12.7906 15.6194 12.78L16.0274 12.3743C16.9026 11.5041 18.2475 11.3414 19.3311 11.9305L21.2416 12.9691C22.8775 13.8584 23.2909 16.0821 21.9505 17.4148L20.53 18.8273C20.0824 19.2723 19.4805 19.6434 18.7459 19.7119C16.9369 19.8806 12.7187 19.6654 8.28659 15.2584C4.14868 11.144 3.35462 7.556 3.25415 5.78817L4.00294 5.74562L3.25415 5.78817C3.20335 4.89426 3.62576 4.13796 4.16308 3.60369L5.73268 2.043ZM8.77291 3.30856C8.26628 2.63182 7.322 2.57801 6.79032 3.10668L5.22072 4.66737C4.8908 4.99542 4.73206 5.35695 4.75173 5.70307C4.83156 7.10766 5.47286 10.3453 9.34423 14.1947C13.4057 18.2331 17.1569 18.3536 18.6067 18.2184C18.9029 18.1908 19.1975 18.0369 19.4724 17.7636L20.8929 16.3511C21.4704 15.777 21.343 14.7315 20.5252 14.2869L18.6147 13.2484C18.0871 12.9616 17.469 13.0562 17.085 13.438L16.6296 13.8909L16.1008 13.359C16.6296 13.8909 16.6289 13.8916 16.6282 13.8923L16.6267 13.8937L16.6236 13.8967L16.6171 13.903L16.6025 13.9166C16.592 13.9262 16.5799 13.9367 16.5664 13.948C16.5392 13.9705 16.5058 13.9959 16.4659 14.0227C16.3858 14.0763 16.2801 14.1347 16.1472 14.1841C15.8764 14.285 15.5192 14.3392 15.0764 14.2713C14.2096 14.1384 13.0614 13.5474 11.5344 12.0291C10.0079 10.5113 9.41194 9.36834 9.2777 8.50306C9.20906 8.06061 9.26381 7.70331 9.36594 7.43225C9.41599 7.29941 9.47497 7.19378 9.5291 7.11389C9.5561 7.07405 9.58179 7.04074 9.60446 7.01368C9.6158 7.00015 9.6264 6.98817 9.63604 6.9777L9.64977 6.96312L9.65606 6.95666L9.65905 6.95363L9.66051 6.95217C9.66122 6.95146 9.66194 6.95075 10.1908 7.48258L9.66194 6.95075L9.94875 6.66556C10.3774 6.23939 10.4374 5.53194 10.0339 4.99297L8.77291 3.30856Z\" fill=\"#4B4F58\"><\/path><\/g><\/svg>\t\t\t\t<\/span>\n\t\t\t<\/div>\n\t\t\t\n\t\t\t\t\t\t<div class=\"elementor-icon-box-content\">\n\n\t\t\t\t\t\t\t\t\t<h3 class=\"elementor-icon-box-title\">\n\t\t\t\t\t\t<span  >\n\t\t\t\t\t\t\tBy phone\t\t\t\t\t\t<\/span>\n\t\t\t\t\t<\/h3>\n\t\t\t\t\n\t\t\t\t\t\t\t\t\t<p class=\"elementor-icon-box-description\">\n\t\t\t\t\t\tYou can call us on any weekday during opening hours.\t\t\t\t\t<\/p>\n\t\t\t\t\n\t\t\t<\/div>\n\t\t\t\n\t\t<\/div>\n\t\t\t\t\t\t<\/div>\n\t\t\t\t<\/div>\n\t\t\t\t<div class=\"elementor-element elementor-element-4a0ed4a elementor-widget elementor-widget-text-editor\" data-id=\"4a0ed4a\" data-element_type=\"widget\" data-e-type=\"widget\" data-widget_type=\"text-editor.default\">\n\t\t\t\t<div class=\"elementor-widget-container\">\n\t\t\t\t\t\t\t\t\t<p style=\"text-align: center;\"><a href=\"tel:+420601007700\">+420 601 007 700<\/a><\/p>\t\t\t\t\t\t\t\t<\/div>\n\t\t\t\t<\/div>\n\t\t\t\t<\/div>\n\t\t<div class=\"elementor-element elementor-element-d40b49d e-con-full e-flex e-con e-child\" data-id=\"d40b49d\" data-element_type=\"container\" data-e-type=\"container\">\n\t\t\t\t<div class=\"elementor-element elementor-element-f80a4ac elementor-view-default elementor-position-block-start elementor-widget elementor-widget-icon-box\" data-id=\"f80a4ac\" data-element_type=\"widget\" data-e-type=\"widget\" data-widget_type=\"icon-box.default\">\n\t\t\t\t<div class=\"elementor-widget-container\">\n\t\t\t\t\t\t\t<div class=\"elementor-icon-box-wrapper\">\n\n\t\t\t\t\t\t<div class=\"elementor-icon-box-icon\">\n\t\t\t\t<span  class=\"elementor-icon\">\n\t\t\t\t<svg xmlns=\"http:\/\/www.w3.org\/2000\/svg\" xmlns:xlink=\"http:\/\/www.w3.org\/1999\/xlink\" xmlns:sketch=\"http:\/\/www.bohemiancoding.com\/sketch\/ns\" width=\"800px\" height=\"800px\" viewBox=\"0 -4 32 32\" fill=\"#4B4F58\"><g id=\"SVGRepo_bgCarrier\" stroke-width=\"0\"><\/g><g id=\"SVGRepo_tracerCarrier\" stroke-linecap=\"round\" stroke-linejoin=\"round\"><\/g><g id=\"SVGRepo_iconCarrier\"><title>mail<\/title><desc>Created with Sketch Beta.<\/desc><defs> <\/defs><g id=\"Page-1\" stroke-width=\"0.00032\" fill=\"none\" fill-rule=\"evenodd\" sketch:type=\"MSPage\"><g id=\"Icon-Set\" sketch:type=\"MSLayerGroup\" transform=\"translate(-412.000000, -259.000000)\" fill=\"#4B4F58\"><path d=\"M442,279 C442,279.203 441.961,279.395 441.905,279.578 L433,270 L442,263 L442,279 L442,279 Z M415.556,280.946 L424.58,271.33 L428,273.915 L431.272,271.314 L440.444,280.946 C440.301,280.979 415.699,280.979 415.556,280.946 L415.556,280.946 Z M414,279 L414,263 L423,270 L414.095,279.578 C414.039,279.395 414,279.203 414,279 L414,279 Z M441,261 L428,271 L415,261 L441,261 L441,261 Z M440,259 L416,259 C413.791,259 412,260.791 412,263 L412,279 C412,281.209 413.791,283 416,283 L440,283 C442.209,283 444,281.209 444,279 L444,263 C444,260.791 442.209,259 440,259 L440,259 Z\" id=\"mail\" sketch:type=\"MSShapeGroup\"> <\/path><\/g><\/g><\/g><\/svg>\t\t\t\t<\/span>\n\t\t\t<\/div>\n\t\t\t\n\t\t\t\t\t\t<div class=\"elementor-icon-box-content\">\n\n\t\t\t\t\t\t\t\t\t<h3 class=\"elementor-icon-box-title\">\n\t\t\t\t\t\t<span  >\n\t\t\t\t\t\t\tBy email\t\t\t\t\t\t<\/span>\n\t\t\t\t\t<\/h3>\n\t\t\t\t\n\t\t\t\t\t\t\t\t\t<p class=\"elementor-icon-box-description\">\n\t\t\t\t\t\tYou can write to us at any time; we will respond during opening hours.\t\t\t\t\t<\/p>\n\t\t\t\t\n\t\t\t<\/div>\n\t\t\t\n\t\t<\/div>\n\t\t\t\t\t\t<\/div>\n\t\t\t\t<\/div>\n\t\t\t\t<div class=\"elementor-element elementor-element-bf905d2 elementor-widget elementor-widget-text-editor\" data-id=\"bf905d2\" data-element_type=\"widget\" data-e-type=\"widget\" data-widget_type=\"text-editor.default\">\n\t\t\t\t<div class=\"elementor-widget-container\">\n\t\t\t\t\t\t\t\t\t<p style=\"text-align: center;\"><a href=\"mailto:info@testoclinic.cz\">info@testoclinic.cz<\/a><\/p>\t\t\t\t\t\t\t\t<\/div>\n\t\t\t\t<\/div>\n\t\t\t\t<\/div>\n\t\t<div class=\"elementor-element elementor-element-e8cc2d5 e-con-full e-flex e-con e-child\" data-id=\"e8cc2d5\" data-element_type=\"container\" data-e-type=\"container\">\n\t\t\t\t<div class=\"elementor-element elementor-element-6d75f47 elementor-view-default elementor-position-block-start elementor-widget elementor-widget-icon-box\" data-id=\"6d75f47\" data-element_type=\"widget\" data-e-type=\"widget\" data-widget_type=\"icon-box.default\">\n\t\t\t\t<div class=\"elementor-widget-container\">\n\t\t\t\t\t\t\t<div class=\"elementor-icon-box-wrapper\">\n\n\t\t\t\t\t\t<div class=\"elementor-icon-box-icon\">\n\t\t\t\t<span  class=\"elementor-icon\">\n\t\t\t\t<svg xmlns=\"http:\/\/www.w3.org\/2000\/svg\" width=\"800px\" height=\"800px\" viewBox=\"0 0 24 24\" fill=\"none\"><g id=\"SVGRepo_bgCarrier\" stroke-width=\"0\"><\/g><g id=\"SVGRepo_tracerCarrier\" stroke-linecap=\"round\" stroke-linejoin=\"round\"><\/g><g id=\"SVGRepo_iconCarrier\"><path d=\"M5.7 15C4.03377 15.6353 3 16.5205 3 17.4997C3 19.4329 7.02944 21 12 21C16.9706 21 21 19.4329 21 17.4997C21 16.5205 19.9662 15.6353 18.3 15M12 9H12.01M18 9C18 13.0637 13.5 15 12 18C10.5 15 6 13.0637 6 9C6 5.68629 8.68629 3 12 3C15.3137 3 18 5.68629 18 9ZM13 9C13 9.55228 12.5523 10 12 10C11.4477 10 11 9.55228 11 9C11 8.44772 11.4477 8 12 8C12.5523 8 13 8.44772 13 9Z\" stroke=\"#4B4F58\" stroke-width=\"2\" stroke-linecap=\"round\" stroke-linejoin=\"round\"><\/path><\/g><\/svg>\t\t\t\t<\/span>\n\t\t\t<\/div>\n\t\t\t\n\t\t\t\t\t\t<div class=\"elementor-icon-box-content\">\n\n\t\t\t\t\t\t\t\t\t<h3 class=\"elementor-icon-box-title\">\n\t\t\t\t\t\t<span  >\n\t\t\t\t\t\t\tIn person\t\t\t\t\t\t<\/span>\n\t\t\t\t\t<\/h3>\n\t\t\t\t\n\t\t\t\t\t\t\t\t\t<p class=\"elementor-icon-box-description\">\n\t\t\t\t\t\tYou can visit us in person by prior arrangement.\t\t\t\t\t<\/p>\n\t\t\t\t\n\t\t\t<\/div>\n\t\t\t\n\t\t<\/div>\n\t\t\t\t\t\t<\/div>\n\t\t\t\t<\/div>\n\t\t\t\t<div class=\"elementor-element elementor-element-fee1e8f elementor-widget elementor-widget-text-editor\" data-id=\"fee1e8f\" data-element_type=\"widget\" data-e-type=\"widget\" data-widget_type=\"text-editor.default\">\n\t\t\t\t<div class=\"elementor-widget-container\">\n\t\t\t\t\t\t\t\t\t<p><strong>Ji\u010d\u00ednsk\u00e1 2348\/10, Prague 3<\/strong> (opposite OC Flora)<\/p>\t\t\t\t\t\t\t\t<\/div>\n\t\t\t\t<\/div>\n\t\t\t\t<\/div>\n\t\t\t\t\t<\/div>\n\t\t\t\t<\/div>\n\t\t<div class=\"elementor-element elementor-element-9dd8ce3 e-flex e-con-boxed e-con e-parent\" data-id=\"9dd8ce3\" data-element_type=\"container\" data-e-type=\"container\" data-settings=\"{&quot;background_background&quot;:&quot;classic&quot;}\">\n\t\t\t\t\t<div class=\"e-con-inner\">\n\t\t<div class=\"elementor-element elementor-element-ed33420 e-con-full e-flex e-con e-child\" data-id=\"ed33420\" data-element_type=\"container\" data-e-type=\"container\">\n\t\t\t\t<div class=\"elementor-element elementor-element-883afdf elementor-widget elementor-widget-heading\" data-id=\"883afdf\" data-element_type=\"widget\" data-e-type=\"widget\" data-widget_type=\"heading.default\">\n\t\t\t\t<div class=\"elementor-widget-container\">\n\t\t\t\t\t<h2 class=\"elementor-heading-title elementor-size-default\">Book online easily<\/h2>\t\t\t\t<\/div>\n\t\t\t\t<\/div>\n\t\t\t\t<\/div>\n\t\t\t\t\t<\/div>\n\t\t\t\t<\/div>\n\t\t<div class=\"elementor-element elementor-element-3eb61b4 e-flex e-con-boxed e-con e-parent\" data-id=\"3eb61b4\" data-element_type=\"container\" data-e-type=\"container\" data-settings=\"{&quot;background_background&quot;:&quot;classic&quot;}\">\n\t\t\t\t\t<div class=\"e-con-inner\">\n\t\t<div class=\"elementor-element elementor-element-bcb53eb e-con-full e-flex e-con e-child\" data-id=\"bcb53eb\" data-element_type=\"container\" data-e-type=\"container\" data-settings=\"{&quot;background_background&quot;:&quot;classic&quot;}\">\n\t\t\t\t<div class=\"elementor-element elementor-element-37601d6 elementor-widget elementor-widget-heading\" data-id=\"37601d6\" data-element_type=\"widget\" data-e-type=\"widget\" data-widget_type=\"heading.default\">\n\t\t\t\t<div class=\"elementor-widget-container\">\n\t\t\t\t\t<h2 class=\"elementor-heading-title elementor-size-default\">Testosterone Measurement<\/h2>\t\t\t\t<\/div>\n\t\t\t\t<\/div>\n\t\t\t\t<div class=\"elementor-element elementor-element-ee70f4c elementor-widget elementor-widget-text-editor\" data-id=\"ee70f4c\" data-element_type=\"widget\" data-e-type=\"widget\" data-widget_type=\"text-editor.default\">\n\t\t\t\t<div class=\"elementor-widget-container\">\n\t\t\t\t\t\t\t\t\t<p>If you just want to know whether your symptoms might be related to low testosterone, we will measure it precisely in our certified laboratory. <strong>One of our specialist doctors will then explain the results<\/strong> and recommend the next steps. <\/p><p>Price: <strong>CZK 800<\/strong> \/ one-time<\/p>\t\t\t\t\t\t\t\t<\/div>\n\t\t\t\t<\/div>\n\t\t\t\t<div class=\"elementor-element elementor-element-f6cef45 elementor-absolute elementor-widget elementor-widget-button\" data-id=\"f6cef45\" data-element_type=\"widget\" data-e-type=\"widget\" data-settings=\"{&quot;_position&quot;:&quot;absolute&quot;}\" data-widget_type=\"button.default\">\n\t\t\t\t<div class=\"elementor-widget-container\">\n\t\t\t\t\t\t\t\t\t<div class=\"elementor-button-wrapper\">\n\t\t\t\t\t<a class=\"elementor-button elementor-button-link elementor-size-sm\" href=\"https:\/\/testoclinic.cz\/en\/testosterone-levels-screening\/\">\n\t\t\t\t\t\t<span class=\"elementor-button-content-wrapper\">\n\t\t\t\t\t\t\t\t\t<span class=\"elementor-button-text\">Book online<\/span>\n\t\t\t\t\t<\/span>\n\t\t\t\t\t<\/a>\n\t\t\t\t<\/div>\n\t\t\t\t\t\t\t\t<\/div>\n\t\t\t\t<\/div>\n\t\t\t\t<\/div>\n\t\t<div class=\"elementor-element elementor-element-348b0c5 e-con-full e-flex e-con e-child\" data-id=\"348b0c5\" data-element_type=\"container\" data-e-type=\"container\" data-settings=\"{&quot;background_background&quot;:&quot;classic&quot;}\">\n\t\t\t\t<div class=\"elementor-element elementor-element-652a034 elementor-widget elementor-widget-heading\" data-id=\"652a034\" data-element_type=\"widget\" data-e-type=\"widget\" data-widget_type=\"heading.default\">\n\t\t\t\t<div class=\"elementor-widget-container\">\n\t\t\t\t\t<h6 class=\"elementor-heading-title elementor-size-default\">RECOMMENDED<\/h6>\t\t\t\t<\/div>\n\t\t\t\t<\/div>\n\t\t\t\t<div class=\"elementor-element elementor-element-03164aa elementor-widget elementor-widget-heading\" data-id=\"03164aa\" data-element_type=\"widget\" data-e-type=\"widget\" data-widget_type=\"heading.default\">\n\t\t\t\t<div class=\"elementor-widget-container\">\n\t\t\t\t\t<h2 class=\"elementor-heading-title elementor-size-default\">Comprehensive Health Check<\/h2>\t\t\t\t<\/div>\n\t\t\t\t<\/div>\n\t\t\t\t<div class=\"elementor-element elementor-element-919c79e elementor-widget elementor-widget-text-editor\" data-id=\"919c79e\" data-element_type=\"widget\" data-e-type=\"widget\" data-widget_type=\"text-editor.default\">\n\t\t\t\t<div class=\"elementor-widget-container\">\n\t\t\t\t\t\t\t\t\t<p>If you want to know your overall men&#8217;s health status, we will <strong>measure your testosterone and other hormones<\/strong>, check your blood count, liver enzymes, inflammatory markers, oxygen saturation, blood pressure, ECG, <strong>metabolism, and body composition<\/strong>. Results explained by a doctor.<\/p><p>Price: <strong>CZK 2,500<\/strong> \/ one-time<\/p>\t\t\t\t\t\t\t\t<\/div>\n\t\t\t\t<\/div>\n\t\t\t\t<div class=\"elementor-element elementor-element-475b11a elementor-absolute elementor-widget elementor-widget-button\" data-id=\"475b11a\" data-element_type=\"widget\" data-e-type=\"widget\" data-settings=\"{&quot;_position&quot;:&quot;absolute&quot;}\" data-widget_type=\"button.default\">\n\t\t\t\t<div class=\"elementor-widget-container\">\n\t\t\t\t\t\t\t\t\t<div class=\"elementor-button-wrapper\">\n\t\t\t\t\t<a class=\"elementor-button elementor-button-link elementor-size-sm\" href=\"https:\/\/testoclinic.cz\/en\/comprehensive-health-check\/\">\n\t\t\t\t\t\t<span class=\"elementor-button-content-wrapper\">\n\t\t\t\t\t\t\t\t\t<span class=\"elementor-button-text\">Book online<\/span>\n\t\t\t\t\t<\/span>\n\t\t\t\t\t<\/a>\n\t\t\t\t<\/div>\n\t\t\t\t\t\t\t\t<\/div>\n\t\t\t\t<\/div>\n\t\t\t\t<\/div>\n\t\t<div class=\"elementor-element elementor-element-ccf9843 e-con-full e-flex e-con e-child\" data-id=\"ccf9843\" data-element_type=\"container\" data-e-type=\"container\" data-settings=\"{&quot;background_background&quot;:&quot;classic&quot;}\">\n\t\t\t\t<div class=\"elementor-element elementor-element-061e531 elementor-widget elementor-widget-heading\" data-id=\"061e531\" data-element_type=\"widget\" data-e-type=\"widget\" data-widget_type=\"heading.default\">\n\t\t\t\t<div class=\"elementor-widget-container\">\n\t\t\t\t\t<h2 class=\"elementor-heading-title elementor-size-default\">Consultation with a Doctor<\/h2>\t\t\t\t<\/div>\n\t\t\t\t<\/div>\n\t\t\t\t<div class=\"elementor-element elementor-element-42a1b61 elementor-absolute elementor-widget elementor-widget-button\" data-id=\"42a1b61\" data-element_type=\"widget\" data-e-type=\"widget\" data-settings=\"{&quot;_position&quot;:&quot;absolute&quot;}\" data-widget_type=\"button.default\">\n\t\t\t\t<div class=\"elementor-widget-container\">\n\t\t\t\t\t\t\t\t\t<div class=\"elementor-button-wrapper\">\n\t\t\t\t\t<a class=\"elementor-button elementor-button-link elementor-size-sm\" href=\"https:\/\/testoclinic.cz\/en\/consultation-with-a-doctor\/\">\n\t\t\t\t\t\t<span class=\"elementor-button-content-wrapper\">\n\t\t\t\t\t\t\t\t\t<span class=\"elementor-button-text\">Book online<\/span>\n\t\t\t\t\t<\/span>\n\t\t\t\t\t<\/a>\n\t\t\t\t<\/div>\n\t\t\t\t\t\t\t\t<\/div>\n\t\t\t\t<\/div>\n\t\t\t\t<div class=\"elementor-element elementor-element-4cb72b0 elementor-widget elementor-widget-text-editor\" data-id=\"4cb72b0\" data-element_type=\"widget\" data-e-type=\"widget\" data-widget_type=\"text-editor.default\">\n\t\t\t\t<div class=\"elementor-widget-container\">\n\t\t\t\t\t\t\t\t\t<p>If you <strong>already have results from elsewhere, or simply want to discuss something<\/strong> with a men&#8217;s health specialist, book a personal consultation. The doctor will explain your values, answer your questions, and recommend next steps.<\/p><p>Price: <strong>CZK 800<\/strong> \/ 30 min<\/p>\t\t\t\t\t\t\t\t<\/div>\n\t\t\t\t<\/div>\n\t\t\t\t<\/div>\n\t\t\t\t\t<\/div>\n\t\t\t\t<\/div>\n\t\t<div class=\"elementor-element elementor-element-e8658d8 e-flex e-con-boxed e-con e-parent\" data-id=\"e8658d8\" data-element_type=\"container\" data-e-type=\"container\">\n\t\t\t\t\t<div class=\"e-con-inner\">\n\t\t\t\t<div class=\"elementor-element elementor-element-ea19fba elementor-widget elementor-widget-heading\" data-id=\"ea19fba\" data-element_type=\"widget\" data-e-type=\"widget\" data-widget_type=\"heading.default\">\n\t\t\t\t<div class=\"elementor-widget-container\">\n\t\t\t\t\t<h2 class=\"elementor-heading-title elementor-size-default\">Where and when to find us<\/h2>\t\t\t\t<\/div>\n\t\t\t\t<\/div>\n\t\t\t\t\t<\/div>\n\t\t\t\t<\/div>\n\t\t<div class=\"elementor-element elementor-element-dd9b21b e-flex e-con-boxed e-con e-parent\" data-id=\"dd9b21b\" data-element_type=\"container\" data-e-type=\"container\">\n\t\t\t\t\t<div class=\"e-con-inner\">\n\t\t<div class=\"elementor-element elementor-element-f6c0068 e-con-full e-flex e-con e-child\" data-id=\"f6c0068\" data-element_type=\"container\" data-e-type=\"container\">\n\t\t\t\t<div class=\"elementor-element elementor-element-436e196 elementor-widget elementor-widget-heading\" data-id=\"436e196\" data-element_type=\"widget\" data-e-type=\"widget\" data-widget_type=\"heading.default\">\n\t\t\t\t<div class=\"elementor-widget-container\">\n\t\t\t\t\t<h3 class=\"elementor-heading-title elementor-size-default\">Opening times<\/h3>\t\t\t\t<\/div>\n\t\t\t\t<\/div>\n\t\t\t\t<div class=\"elementor-element elementor-element-6c497ea elementor-widget elementor-widget-text-editor\" data-id=\"6c497ea\" data-element_type=\"widget\" data-e-type=\"widget\" data-widget_type=\"text-editor.default\">\n\t\t\t\t<div class=\"elementor-widget-container\">\n\t\t\t\t\t\t\t\t\t<div>Mon: 7:00\u201319:00<\/div><div>Tue: 7:00\u201319:00<\/div><div>Wed: 7:00\u201319:00<\/div><div>Thu: 7:00\u201319:00<\/div><div>Fri: 7:00\u201317:00<\/div><div>Free parking for one hour at OC Atrium Flora <\/div>\t\t\t\t\t\t\t\t<\/div>\n\t\t\t\t<\/div>\n\t\t\t\t<\/div>\n\t\t<div class=\"elementor-element elementor-element-f59c518 e-con-full e-flex e-con e-child\" data-id=\"f59c518\" data-element_type=\"container\" data-e-type=\"container\">\n\t\t\t\t<div class=\"elementor-element elementor-element-b2b47e6 elementor-widget elementor-widget-google_maps\" data-id=\"b2b47e6\" data-element_type=\"widget\" data-e-type=\"widget\" data-widget_type=\"google_maps.default\">\n\t\t\t\t<div class=\"elementor-widget-container\">\n\t\t\t\t\t\t\t<div class=\"elementor-custom-embed\">\n\t\t\t<iframe loading=\"lazy\"\n\t\t\t\t\tsrc=\"https:\/\/maps.google.com\/maps?q=Ji%C4%8D%C3%ADnsk%C3%A1%202348%2F10&#038;t=m&#038;z=17&#038;output=embed&#038;iwloc=near\"\n\t\t\t\t\ttitle=\"Ji\u010d\u00ednsk\u00e1 2348\/10\"\n\t\t\t\t\taria-label=\"Ji\u010d\u00ednsk\u00e1 2348\/10\"\n\t\t\t><\/iframe>\n\t\t<\/div>\n\t\t\t\t\t\t<\/div>\n\t\t\t\t<\/div>\n\t\t\t\t<\/div>\n\t\t\t\t\t<\/div>\n\t\t\t\t<\/div>\n\t\t<div class=\"elementor-element elementor-element-2862857 e-flex e-con-boxed e-con e-parent\" data-id=\"2862857\" data-element_type=\"container\" data-e-type=\"container\">\n\t\t\t\t\t<div class=\"e-con-inner\">\n\t\t<div class=\"elementor-element elementor-element-6e87d91 e-con-full e-flex e-con e-child\" data-id=\"6e87d91\" data-element_type=\"container\" data-e-type=\"container\">\n\t\t\t\t<div class=\"elementor-element elementor-element-aa5f61d elementor-widget elementor-widget-heading\" data-id=\"aa5f61d\" data-element_type=\"widget\" data-e-type=\"widget\" data-widget_type=\"heading.default\">\n\t\t\t\t<div class=\"elementor-widget-container\">\n\t\t\t\t\t<h3 class=\"elementor-heading-title elementor-size-default\">Company details<\/h3>\t\t\t\t<\/div>\n\t\t\t\t<\/div>\n\t\t\t\t<div class=\"elementor-element elementor-element-a4add5f elementor-widget elementor-widget-text-editor\" data-id=\"a4add5f\" data-element_type=\"widget\" data-e-type=\"widget\" data-widget_type=\"text-editor.default\">\n\t\t\t\t<div class=\"elementor-widget-container\">\n\t\t\t\t\t\t\t\t\t<div style=\"text-align: center;\">AndroMedical s.r.o.<\/div><div style=\"text-align: center;\">Commercial ID: 21444722<\/div><div style=\"text-align: center;\">Tax ID: CZ21444722<\/div><div style=\"text-align: center;\">Data box:: 5wj8ama<\/div><div style=\"text-align: center;\">The company is registered in the Register of Companies at the Municipal Court in Prague, Section C, Insert 402016.<\/div><div style=\"text-align: center;\"> <\/div>\t\t\t\t\t\t\t\t<\/div>\n\t\t\t\t<\/div>\n\t\t\t\t<\/div>\n\t\t\t\t\t<\/div>\n\t\t\t\t<\/div>\n\t\t\t\t<\/div>\n\t\t","protected":false},"excerpt":{"rendered":"<p>How to contact us? By phone You can call us on any weekday during opening hours. +420 601 007 700 [&hellip;]<\/p>\n","protected":false},"author":1,"featured_media":0,"parent":0,"menu_order":0,"comment_status":"closed","ping_status":"closed","template":"","meta":{"site-sidebar-layout":"no-sidebar","site-content-layout":"","ast-site-content-layout":"full-width-container","site-content-style":"default","site-sidebar-style":"default","ast-global-header-display":"","ast-banner-title-visibility":"","ast-main-header-display":"","ast-hfb-above-header-display":"","ast-hfb-below-header-display":"","ast-hfb-mobile-header-display":"","site-post-title":"disabled","ast-breadcrumbs-content":"","ast-featured-img":"disabled","footer-sml-layout":"","ast-disable-related-posts":"","theme-transparent-header-meta":"","adv-header-id-meta":"","stick-header-meta":"","header-above-stick-meta":"","header-main-stick-meta":"","header-below-stick-meta":"","astra-migrate-meta-layouts":"default","ast-page-background-enabled":"default","ast-page-background-meta":{"desktop":{"background-color":"var(--ast-global-color-4)","background-image":"","background-repeat":"repeat","background-position":"center center","background-size":"auto","background-attachment":"scroll","background-type":"","background-media":"","overlay-type":"","overlay-color":"","overlay-opacity":"","overlay-gradient":""},"tablet":{"background-color":"","background-image":"","background-repeat":"repeat","background-position":"center center","background-size":"auto","background-attachment":"scroll","background-type":"","background-media":"","overlay-type":"","overlay-color":"","overlay-opacity":"","overlay-gradient":""},"mobile":{"background-color":"","background-image":"","background-repeat":"repeat","background-position":"center center","background-size":"auto","background-attachment":"scroll","background-type":"","background-media":"","overlay-type":"","overlay-color":"","overlay-opacity":"","overlay-gradient":""}},"ast-content-background-meta":{"desktop":{"background-color":"var(--ast-global-color-5)","background-image":"","background-repeat":"repeat","background-position":"center center","background-size":"auto","background-attachment":"scroll","background-type":"","background-media":"","overlay-type":"","overlay-color":"","overlay-opacity":"","overlay-gradient":""},"tablet":{"background-color":"var(--ast-global-color-5)","background-image":"","background-repeat":"repeat","background-position":"center center","background-size":"auto","background-attachment":"scroll","background-type":"","background-media":"","overlay-type":"","overlay-color":"","overlay-opacity":"","overlay-gradient":""},"mobile":{"background-color":"var(--ast-global-color-5)","background-image":"","background-repeat":"repeat","background-position":"center center","background-size":"auto","background-attachment":"scroll","background-type":"","background-media":"","overlay-type":"","overlay-color":"","overlay-opacity":"","overlay-gradient":""}},"footnotes":""},"class_list":["post-1902","page","type-page","status-publish","hentry"],"aioseo_notices":[],"_links":{"self":[{"href":"https:\/\/testoclinic.cz\/en\/wp-json\/wp\/v2\/pages\/1902","targetHints":{"allow":["GET"]}}],"collection":[{"href":"https:\/\/testoclinic.cz\/en\/wp-json\/wp\/v2\/pages"}],"about":[{"href":"https:\/\/testoclinic.cz\/en\/wp-json\/wp\/v2\/types\/page"}],"author":[{"embeddable":true,"href":"https:\/\/testoclinic.cz\/en\/wp-json\/wp\/v2\/users\/1"}],"replies":[{"embeddable":true,"href":"https:\/\/testoclinic.cz\/en\/wp-json\/wp\/v2\/comments?post=1902"}],"version-history":[{"count":53,"href":"https:\/\/testoclinic.cz\/en\/wp-json\/wp\/v2\/pages\/1902\/revisions"}],"predecessor-version":[{"id":8085,"href":"https:\/\/testoclinic.cz\/en\/wp-json\/wp\/v2\/pages\/1902\/revisions\/8085"}],"wp:attachment":[{"href":"https:\/\/testoclinic.cz\/en\/wp-json\/wp\/v2\/media?parent=1902"}],"curies":[{"name":"wp","href":"https:\/\/api.w.org\/{rel}","templated":true}]}}